{"id":177,"date":"2020-01-12T11:20:53","date_gmt":"2020-01-12T10:20:53","guid":{"rendered":"http:\/\/6094147713787.hostingkunde.de\/?page_id=177"},"modified":"2020-10-04T19:41:01","modified_gmt":"2020-10-04T17:41:01","slug":"ueber-mich","status":"publish","type":"page","link":"http:\/\/jelart.de\/?page_id=177","title":{"rendered":"\u00dcber mich"},"content":{"rendered":"\n<div class=\"wp-block-columns is-layout-flex wp-container-core-columns-is-layout-9d6595d7 wp-block-columns-is-layout-flex\">\n<div class=\"wp-block-column ticss-a3427b50 is-layout-flow wp-block-column-is-layout-flow\" style=\"flex-basis:30%\">\n<figure class=\"wp-block-image size-large\"><img loading=\"lazy\" decoding=\"async\" width=\"759\" height=\"1024\" src=\"http:\/\/6094147713787.hostingkunde.de\/wp-content\/uploads\/2020\/01\/jelena_about-759x1024.jpg\" alt=\"\" class=\"wp-image-263\" srcset=\"http:\/\/jelart.de\/wp-content\/uploads\/2020\/01\/jelena_about-759x1024.jpg 759w, http:\/\/jelart.de\/wp-content\/uploads\/2020\/01\/jelena_about-222x300.jpg 222w, http:\/\/jelart.de\/wp-content\/uploads\/2020\/01\/jelena_about-768x1036.jpg 768w, http:\/\/jelart.de\/wp-content\/uploads\/2020\/01\/jelena_about-371x500.jpg 371w, http:\/\/jelart.de\/wp-content\/uploads\/2020\/01\/jelena_about-593x800.jpg 593w, http:\/\/jelart.de\/wp-content\/uploads\/2020\/01\/jelena_about.jpg 800w\" sizes=\"auto, (max-width: 759px) 100vw, 759px\" \/><\/figure>\n\n\n\n<p><\/p>\n<\/div>\n\n\n\n<div class=\"wp-block-column is-layout-flow wp-block-column-is-layout-flow\" style=\"flex-basis:70%\">\n<p class=\"ticss-a2376379\">Jelena Radosavljevic, geboren in Belgrad (Ex-Jugoslawien).<br>Seit 2002 lebt und arbeitet sie in Deutschland.<br>Zurzeit ist sie wohnhaft in Leipzig.<\/p>\n\n\n\n<p class=\"ticss-832b4574\">Als ich damals mein B\u00fchnenbildstudium an der Kunsthochschule Wei\u00dfensee in Berlin nach drei Jahren abgebrochen habe, bin ich zur\u00fcck zur Malerei gekehrt, womit ich in k\u00fcnstlerischem Bereich haupts\u00e4chlich t\u00e4tig bin. Nach all den Jahren hat die Malerei f\u00fcr mich nichts von ihrer Anziehungskraft verloren. Sie ist die Verbindung zwischen innerer und \u00e4u\u00dferer Welt und sie ist gleichzeitig viele andere Welten, die auf der Leinwand aufeinander treffen und zusammen existieren.<\/p>\n\n\n\n<p class=\"ticss-a2959113\">Jedes Gem\u00e4lde ist auf ein Neues aufregend und spannend, eigen in seinem Rhythmus und seiner Entstehung, eigen im Spiel von Farben und Formen, Bewusstem und Unbewusstem und in dem was der Prozess ergibt und wiederspiegelt. Das ist etwas was mich treibt nie mit der Suche aufzuh\u00f6ren \u2013 auch wenn ich weiss, dass es eigentlich kein Ende geben wird. Die Gem\u00e4lde sind nur winzige Teile in diesem Mosaik der Unendlichkeit.<\/p>\n\n\n\n<p class=\"ticss-542751f3\">\u2026In meinem Universum.<\/p>\n\n\n\n<p><\/p>\n\n\n\n<p><\/p>\n\n\n\n<p><\/p>\n<\/div>\n<\/div>\n","protected":false},"excerpt":{"rendered":"<p>Jelena Radosavljevic, geboren in Belgrad (Ex-Jugoslawien).Seit 2002 lebt und arbeitet sie in Deutschland.Zurzeit ist sie wohnhaft in Leipzig. Als ich damals mein B\u00fchnenbildstudium an der Kunsthochschule Wei\u00dfensee in Berlin nach drei Jahren abgebrochen habe, bin ich zur\u00fcck zur Malerei gekehrt, womit ich in k\u00fcnstlerischem Bereich haupts\u00e4chlich t\u00e4tig bin. Nach all den Jahren hat die Malerei&hellip;&nbsp;<a href=\"http:\/\/jelart.de\/?page_id=177\" class=\"\" rel=\"bookmark\">Weiterlesen &raquo;<span class=\"screen-reader-text\">\u00dcber mich<\/span><\/a><\/p>\n","protected":false},"author":1,"featured_media":0,"parent":0,"menu_order":0,"comment_status":"closed","ping_status":"closed","template":"","meta":{"neve_meta_sidebar":"full-width","neve_meta_container":"","neve_meta_enable_content_width":"on","neve_meta_content_width":100,"neve_meta_title_alignment":"","neve_meta_author_avatar":"","neve_post_elements_order":"","neve_meta_disable_header":"","neve_meta_disable_footer":"","neve_meta_disable_title":"on","_themeisle_gutenberg_block_has_review":false,"_vp_format_video_url":"","_vp_image_focal_point":[],"footnotes":""},"class_list":["post-177","page","type-page","status-publish","hentry"],"_links":{"self":[{"href":"http:\/\/jelart.de\/index.php?rest_route=\/wp\/v2\/pages\/177","targetHints":{"allow":["GET"]}}],"collection":[{"href":"http:\/\/jelart.de\/index.php?rest_route=\/wp\/v2\/pages"}],"about":[{"href":"http:\/\/jelart.de\/index.php?rest_route=\/wp\/v2\/types\/page"}],"author":[{"embeddable":true,"href":"http:\/\/jelart.de\/index.php?rest_route=\/wp\/v2\/users\/1"}],"replies":[{"embeddable":true,"href":"http:\/\/jelart.de\/index.php?rest_route=%2Fwp%2Fv2%2Fcomments&post=177"}],"version-history":[{"count":17,"href":"http:\/\/jelart.de\/index.php?rest_route=\/wp\/v2\/pages\/177\/revisions"}],"predecessor-version":[{"id":437,"href":"http:\/\/jelart.de\/index.php?rest_route=\/wp\/v2\/pages\/177\/revisions\/437"}],"wp:attachment":[{"href":"http:\/\/jelart.de\/index.php?rest_route=%2Fwp%2Fv2%2Fmedia&parent=177"}],"curies":[{"name":"wp","href":"https:\/\/api.w.org\/{rel}","templated":true}]}}